{"id":33427,"date":"2025-01-09T11:07:37","date_gmt":"2025-01-09T11:07:37","guid":{"rendered":"https:\/\/v2.ex-perience.ch\/?page_id=33427"},"modified":"2025-01-09T17:12:42","modified_gmt":"2025-01-09T17:12:42","slug":"creez-votre-site-avec-des-blocs","status":"publish","type":"page","link":"https:\/\/v2.ex-perience.ch\/","title":{"rendered":"Cr\u00e9ez votre site avec des blocs"},"content":{"rendered":"<p>[et_pb_section fb_built=\u00a0\u00bb1&Prime; admin_label=\u00a0\u00bbsection\u00a0\u00bb _builder_version=\u00a0\u00bb4.16&Prime; global_colors_info=\u00a0\u00bb{}\u00a0\u00bb][et_pb_row admin_label=\u00a0\u00bbrow\u00a0\u00bb _builder_version=\u00a0\u00bb4.16&Prime; background_size=\u00a0\u00bbinitial\u00a0\u00bb background_position=\u00a0\u00bbtop_left\u00a0\u00bb background_repeat=\u00a0\u00bbrepeat\u00a0\u00bb global_colors_info=\u00a0\u00bb{}\u00a0\u00bb][et_pb_column type=\u00a0\u00bb4_4&Prime; _builder_version=\u00a0\u00bb4.16&Prime; custom_padding=\u00a0\u00bb|||\u00a0\u00bb global_colors_info=\u00a0\u00bb{}\u00a0\u00bb custom_padding__hover=\u00a0\u00bb|||\u00a0\u00bb][et_pb_text admin_label=\u00a0\u00bbText\u00a0\u00bb _builder_version=\u00a0\u00bb4.27.4&Prime; background_size=\u00a0\u00bbinitial\u00a0\u00bb background_position=\u00a0\u00bbtop_left\u00a0\u00bb background_repeat=\u00a0\u00bbrepeat\u00a0\u00bb hover_enabled=\u00a0\u00bb0&Prime; global_colors_info=\u00a0\u00bb{}\u00a0\u00bb sticky_enabled=\u00a0\u00bb0&Prime;]<\/p>\n<p>e<\/p>\n<p>e<\/p>\n<p>e<\/p>\n<p>e<\/p>\n<p>e<\/p>\n<p>e<\/p>\n<p>e<\/p>\n<p>e<\/p>\n<p>e<\/p>\n<p>e<\/p>\n<p>e<\/p>\n<p>e<\/p>\n<p>e<\/p>\n<p>e<\/p>\n<p>e<\/p>\n<p>e<\/p>\n<p>e<\/p>\n<p>e<\/p>\n<p>[\/et_pb_text][\/et_pb_column][\/et_pb_row][\/et_pb_section]<\/p>\n","protected":false},"excerpt":{"rendered":"<p>e e e e e e e e e e e e e e e e e&#8230;<\/p>\n","protected":false},"author":1,"featured_media":0,"parent":0,"menu_order":0,"comment_status":"closed","ping_status":"closed","template":"","meta":{"_et_pb_use_builder":"on","_et_pb_old_content":"<p>\u00a0<\/p>\r\n<!-- wp:heading {\"align\":\"wide\",\"fontSize\":\"gigantic\",\"style\":{\"typography\":{\"lineHeight\":\"1.1\"}}} -->\r\n<h2 class=\"alignwide has-text-align-wide has-gigantic-font-size\" style=\"line-height: 1.1;\">Cr\u00e9ez votre site avec des blocs<\/h2>\r\n<!-- \/wp:heading --><!-- wp:spacer -->\r\n<div class=\"wp-block-spacer\" style=\"height: 100px;\" aria-hidden=\"true\">\u00a0<\/div>\r\n<!-- \/wp:spacer --><!-- wp:columns {\"verticalAlignment\":\"center\",\"align\":\"wide\",\"className\":\"is-style-twentytwentyone-columns-overlap\"} -->\r\n<div class=\"wp-block-columns alignwide are-vertically-aligned-center is-style-twentytwentyone-columns-overlap\"><!-- wp:column {\"verticalAlignment\":\"center\"} -->\r\n<div class=\"wp-block-column is-vertically-aligned-center\"><!-- wp:image {\"align\":\"full\",\"sizeSlug\":\"large\"} -->\r\n<figure class=\"wp-block-image alignfull size-large\"><img src=\"https:\/\/v2.ex-perience.ch\/wp-content\/themes\/twentytwentyone\/assets\/images\/roses-tremieres-hollyhocks-1884.jpg\" alt=\"\u00ab\u00a0Rose Tr\u00e9mi\u00e8res\u00a0\u00bb par Berthe Morisot\" \/><\/figure>\r\n<!-- \/wp:image --><!-- wp:spacer -->\r\n<div class=\"wp-block-spacer\" style=\"height: 100px;\" aria-hidden=\"true\">\u00a0<\/div>\r\n<!-- \/wp:spacer --><!-- wp:image {\"align\":\"full\",\"sizeSlug\":\"large\",\"className\":\"is-style-twentytwentyone-image-frame\"} -->\r\n<figure class=\"wp-block-image alignfull size-large is-style-twentytwentyone-image-frame\"><img src=\"https:\/\/v2.ex-perience.ch\/wp-content\/themes\/twentytwentyone\/assets\/images\/in-the-bois-de-boulogne.jpg\" alt=\"\u00ab\u00a0Dans le bois de Boulogne\u00a0\u00bb par Berthe Morisot\" \/><\/figure>\r\n<!-- \/wp:image --><\/div>\r\n<!-- \/wp:column --><!-- wp:column {\"verticalAlignment\":\"center\"} -->\r\n<div class=\"wp-block-column is-vertically-aligned-center\"><!-- wp:spacer -->\r\n<div class=\"wp-block-spacer\" style=\"height: 100px;\" aria-hidden=\"true\">\u00a0<\/div>\r\n<!-- \/wp:spacer --><!-- wp:image {\"sizeSlug\":\"large\",\"className\":\"alignfull size-full is-style-twentytwentyone-border\"} -->\r\n<figure class=\"wp-block-image size-large alignfull size-full is-style-twentytwentyone-border\"><img src=\"https:\/\/v2.ex-perience.ch\/wp-content\/themes\/twentytwentyone\/assets\/images\/young-woman-in-mauve.jpg\" alt=\"\u00ab\u00a0Jeune femme en mauve\u00a0\u00bb par Berthe Morisot\" \/><\/figure>\r\n<!-- \/wp:image --><\/div>\r\n<!-- \/wp:column --><\/div>\r\n<!-- \/wp:columns --><!-- wp:spacer {\"height\":50} -->\r\n<div class=\"wp-block-spacer\" style=\"height: 50px;\" aria-hidden=\"true\">\u00a0<\/div>\r\n<!-- \/wp:spacer --><!-- wp:columns {\"verticalAlignment\":\"top\",\"align\":\"wide\"} -->\r\n<div class=\"wp-block-columns alignwide are-vertically-aligned-top\"><!-- wp:column {\"verticalAlignment\":\"top\"} -->\r\n<div class=\"wp-block-column is-vertically-aligned-top\"><!-- wp:heading {\"level\":3} -->\r\n<h3>Ajouter des compositions de blocs<\/h3>\r\n<!-- \/wp:heading --><!-- wp:paragraph -->\r\n<p>Les compositions de blocs sont des groupes de blocs pr\u00e9-con\u00e7us. Pour en ajouter un, s\u00e9lectionnez le bouton Ajouter un bloc [+] dans la barre d\u2019outils en haut de l\u2019\u00e9diteur. Passez \u00e0 l\u2019onglet Compositions sous la barre de recherche, et choisissez une composition.<\/p>\r\n<!-- \/wp:paragraph --><\/div>\r\n<!-- \/wp:column --><!-- wp:column {\"verticalAlignment\":\"top\"} -->\r\n<div class=\"wp-block-column is-vertically-aligned-top\"><!-- wp:heading {\"level\":3} -->\r\n<h3>Encadrez vos images<\/h3>\r\n<!-- \/wp:heading --><!-- wp:paragraph -->\r\n<p>Twenty Twenty-One inclut de sublimes bordures pour votre contenu. Avec un bloc d\u2019image s\u00e9lectionn\u00e9, ouvrez le panneau \u00ab\u00a0Styles\u00a0\u00bb dans la barre lat\u00e9rale de l\u2019\u00e9diteur. S\u00e9lectionnez le style de bloc \u00ab\u00a0Cadre\u00a0\u00bb pour l\u2019activer.<\/p>\r\n<!-- \/wp:paragraph --><\/div>\r\n<!-- \/wp:column --><!-- wp:column {\"verticalAlignment\":\"top\"} -->\r\n<div class=\"wp-block-column is-vertically-aligned-top\"><!-- wp:heading {\"level\":3} -->\r\n<h3>Colonnes se chevauchant<\/h3>\r\n<!-- \/wp:heading --><!-- wp:paragraph -->\r\n<p>Twenty Twenty-One inclut \u00e9galement un style \u00ab\u00a0chevauchement\u00a0\u00bb pour le bloc colonnes. S\u00e9lectionnez un bloc colonnes puis ouvrez le panneau \u00ab\u00a0styles\u00a0\u00bb dans la barre lat\u00e9rale de l\u2019\u00e9diteur. S\u00e9lectionnez le style de bloc \u00ab\u00a0chevauchement\u00a0\u00bb pour l\u2019essayer.<\/p>\r\n<!-- \/wp:paragraph --><\/div>\r\n<!-- \/wp:column --><\/div>\r\n<!-- \/wp:columns --><!-- wp:spacer -->\r\n<div class=\"wp-block-spacer\" style=\"height: 100px;\" aria-hidden=\"true\">\u00a0<\/div>\r\n<!-- \/wp:spacer --><!-- wp:cover {\"overlayColor\":\"green\",\"contentPosition\":\"center center\",\"align\":\"wide\",\"className\":\"is-style-twentytwentyone-border\"} -->\r\n<div class=\"wp-block-cover alignwide has-green-background-color has-background-dim is-style-twentytwentyone-border\">\r\n<div class=\"wp-block-cover__inner-container\"><!-- wp:spacer {\"height\":20} -->\r\n<div class=\"wp-block-spacer\" style=\"height: 20px;\" aria-hidden=\"true\">\u00a0<\/div>\r\n<!-- \/wp:spacer --><!-- wp:paragraph {\"fontSize\":\"huge\"} -->\r\n<p class=\"has-huge-font-size\">Besoin d\u2019aide\u00a0?<\/p>\r\n<!-- \/wp:paragraph --><!-- wp:spacer {\"height\":75} -->\r\n<div class=\"wp-block-spacer\" style=\"height: 75px;\" aria-hidden=\"true\">\u00a0<\/div>\r\n<!-- \/wp:spacer --><!-- wp:columns -->\r\n<div class=\"wp-block-columns\"><!-- wp:column -->\r\n<div class=\"wp-block-column\"><!-- wp:paragraph -->\r\n<p><a href=\"https:\/\/wordpress.org\/documentation\/article\/twenty-twenty-one\/\">Lire la documentation du th\u00e8me<\/a><\/p>\r\n<!-- \/wp:paragraph --><\/div>\r\n<!-- \/wp:column --><!-- wp:column -->\r\n<div class=\"wp-block-column\"><!-- wp:paragraph -->\r\n<p><a href=\"https:\/\/wordpress.org\/support\/theme\/twentytwentyone\/\">Consulter les forums de support<\/a><\/p>\r\n<!-- \/wp:paragraph --><\/div>\r\n<!-- \/wp:column --><\/div>\r\n<!-- \/wp:columns --><!-- wp:spacer {\"height\":20} -->\r\n<div class=\"wp-block-spacer\" style=\"height: 20px;\" aria-hidden=\"true\">\u00a0<\/div>\r\n<!-- \/wp:spacer --><\/div>\r\n<\/div>\r\n<!-- \/wp:cover -->","_et_gb_content_width":"","footnotes":""},"class_list":["post-33427","page","type-page","status-publish","hentry","entry"],"_links":{"self":[{"href":"https:\/\/v2.ex-perience.ch\/index.php\/wp-json\/wp\/v2\/pages\/33427","targetHints":{"allow":["GET"]}}],"collection":[{"href":"https:\/\/v2.ex-perience.ch\/index.php\/wp-json\/wp\/v2\/pages"}],"about":[{"href":"https:\/\/v2.ex-perience.ch\/index.php\/wp-json\/wp\/v2\/types\/page"}],"author":[{"embeddable":true,"href":"https:\/\/v2.ex-perience.ch\/index.php\/wp-json\/wp\/v2\/users\/1"}],"replies":[{"embeddable":true,"href":"https:\/\/v2.ex-perience.ch\/index.php\/wp-json\/wp\/v2\/comments?post=33427"}],"version-history":[{"count":5,"href":"https:\/\/v2.ex-perience.ch\/index.php\/wp-json\/wp\/v2\/pages\/33427\/revisions"}],"predecessor-version":[{"id":33458,"href":"https:\/\/v2.ex-perience.ch\/index.php\/wp-json\/wp\/v2\/pages\/33427\/revisions\/33458"}],"wp:attachment":[{"href":"https:\/\/v2.ex-perience.ch\/index.php\/wp-json\/wp\/v2\/media?parent=33427"}],"curies":[{"name":"wp","href":"https:\/\/api.w.org\/{rel}","templated":true}]}}